{"id":10698,"date":"2022-10-15T11:33:08","date_gmt":"2022-10-15T11:33:08","guid":{"rendered":"https:\/\/new.space-collection.org\/binnenkort-beschikbaar\/"},"modified":"2025-04-08T14:21:55","modified_gmt":"2025-04-08T14:21:55","slug":"binnenkort-beschikbaar","status":"publish","type":"page","link":"https:\/\/space-collection.org\/nl\/binnenkort-beschikbaar\/","title":{"rendered":"Binnenkort beschikbaar"},"content":{"rendered":"<style>.elementor-10698 .elementor-element.elementor-element-aa2afe7:not(.elementor-motion-effects-element-type-background) > .elementor-widget-wrap, .elementor-10698 .elementor-element.elementor-element-aa2afe7 > .elementor-widget-wrap > .elementor-motion-effects-container > .elementor-motion-effects-layer{background-image:url(\"https:\/\/space-collection.org\/wp-content\/uploads\/2022\/11\/313921492_1167870134078685_7185725140877585990_n-scaled.jpg\");background-position:0px 17%;background-repeat:no-repeat;background-size:cover;}.elementor-10698 .elementor-element.elementor-element-aa2afe7 > .elementor-element-populated{transition:background 0.3s, border 0.3s, border-radius 0.3s, box-shadow 0.3s;margin:-45px 0px 0px 0px;--e-column-margin-right:0px;--e-column-margin-left:0px;padding:15% 0% 0% 0%;}.elementor-10698 .elementor-element.elementor-element-aa2afe7 > .elementor-element-populated > .elementor-background-overlay{transition:background 0.3s, border-radius 0.3s, opacity 0.3s;}.elementor-10698 .elementor-element.elementor-element-3c06141 > .elementor-container{max-width:400px;}.elementor-10698 .elementor-element.elementor-element-3c06141{margin-top:0px;margin-bottom:-60px;}.elementor-10698 .elementor-element.elementor-element-e7ef585 > .elementor-widget-container{background-color:#21232E;margin:0px 0px 20px 0px;padding:12px 12px 12px 12px;}.elementor-10698 .elementor-element.elementor-element-e7ef585{text-align:center;}.elementor-10698 .elementor-element.elementor-element-e7ef585 .elementor-heading-title{color:#FFFFFF;}.elementor-10698 .elementor-element.elementor-element-c097d91{--spacer-size:50px;}.elementor-10698 .elementor-element.elementor-element-4319af1{--display:flex;--flex-direction:column;--container-widget-width:100%;--container-widget-height:initial;--container-widget-flex-grow:0;--container-widget-align-self:initial;--flex-wrap-mobile:wrap;}:root{--page-title-display:none;}@media(max-width:1024px) and (min-width:768px){.elementor-10698 .elementor-element.elementor-element-aa2afe7{width:100%;}}@media(max-width:1024px){.elementor-10698 .elementor-element.elementor-element-aa2afe7:not(.elementor-motion-effects-element-type-background) > .elementor-widget-wrap, .elementor-10698 .elementor-element.elementor-element-aa2afe7 > .elementor-widget-wrap > .elementor-motion-effects-container > .elementor-motion-effects-layer{background-position:0px 0px;}.elementor-10698 .elementor-element.elementor-element-aa2afe7 > .elementor-element-populated{margin:0px 20px 0px 20px;--e-column-margin-right:20px;--e-column-margin-left:20px;}}@media(max-width:767px){.elementor-10698 .elementor-element.elementor-element-aa2afe7:not(.elementor-motion-effects-element-type-background) > .elementor-widget-wrap, .elementor-10698 .elementor-element.elementor-element-aa2afe7 > .elementor-widget-wrap > .elementor-motion-effects-container > .elementor-motion-effects-layer{background-position:0px 0px;}.elementor-10698 .elementor-element.elementor-element-aa2afe7 > .elementor-element-populated{margin:0px 15px 0px 15px;--e-column-margin-right:15px;--e-column-margin-left:15px;padding:30% 0% 0% 0%;}.elementor-10698 .elementor-element.elementor-element-ceb348d > .elementor-element-populated{margin:0px 20px 0px 20px;--e-column-margin-right:20px;--e-column-margin-left:20px;}}<\/style>\t\t<div data-elementor-type=\"wp-page\" data-elementor-id=\"10698\" class=\"elementor elementor-10698 elementor-4833\" data-elementor-post-type=\"page\">\n\t\t\t\t\t\t<section class=\"elementor-section elementor-top-section elementor-element elementor-element-e0ae477 elementor-section-boxed elementor-section-height-default elementor-section-height-default\" data-id=\"e0ae477\" data-element_type=\"section\">\n\t\t\t\t\t\t<div class=\"elementor-container elementor-column-gap-default\">\n\t\t\t\t\t<div class=\"elementor-column elementor-col-100 elementor-top-column elementor-element elementor-element-aa2afe7\" data-id=\"aa2afe7\" data-element_type=\"column\" data-settings=\"{&quot;background_background&quot;:&quot;classic&quot;}\">\n\t\t\t<div class=\"elementor-widget-wrap elementor-element-populated\">\n\t\t\t\t\t\t<section class=\"elementor-section elementor-inner-section elementor-element elementor-element-3c06141 elementor-section-boxed elementor-section-height-default elementor-section-height-default\" data-id=\"3c06141\" data-element_type=\"section\">\n\t\t\t\t\t\t<div class=\"elementor-container elementor-column-gap-default\">\n\t\t\t\t\t<div class=\"elementor-column elementor-col-100 elementor-inner-column elementor-element elementor-element-ceb348d\" data-id=\"ceb348d\" data-element_type=\"column\">\n\t\t\t<div class=\"elementor-widget-wrap elementor-element-populated\">\n\t\t\t\t\t\t<div class=\"elementor-element elementor-element-e7ef585 elementor-widget elementor-widget-heading\" data-id=\"e7ef585\" data-element_type=\"widget\" data-widget_type=\"heading.default\">\n\t\t\t\t<div class=\"elementor-widget-container\">\n\t\t\t\t\t<h3 id=\"binnenkort-beschikbaar\" class=\"elementor-heading-title elementor-size-default\">Binnenkort beschikbaar<\/h3>\t\t\t\t<\/div>\n\t\t\t\t<\/div>\n\t\t\t\t\t<\/div>\n\t\t<\/div>\n\t\t\t\t\t<\/div>\n\t\t<\/section>\n\t\t\t\t\t<\/div>\n\t\t<\/div>\n\t\t\t\t\t<\/div>\n\t\t<\/section>\n\t\t\t\t<section class=\"elementor-section elementor-top-section elementor-element elementor-element-fb041e7 elementor-section-boxed elementor-section-height-default elementor-section-height-default\" data-id=\"fb041e7\" data-element_type=\"section\">\n\t\t\t\t\t\t<div class=\"elementor-container elementor-column-gap-default\">\n\t\t\t\t\t<div class=\"elementor-column elementor-col-100 elementor-top-column elementor-element elementor-element-60d2a8f\" data-id=\"60d2a8f\" data-element_type=\"column\">\n\t\t\t<div class=\"elementor-widget-wrap elementor-element-populated\">\n\t\t\t\t\t\t<div class=\"elementor-element elementor-element-c097d91 elementor-widget elementor-widget-spacer\" data-id=\"c097d91\" data-element_type=\"widget\" data-widget_type=\"spacer.default\">\n\t\t\t\t<div class=\"elementor-widget-container\">\n\t\t\t\t\t\t\t<div class=\"elementor-spacer\">\n\t\t\t<div class=\"elementor-spacer-inner\"><\/div>\n\t\t<\/div>\n\t\t\t\t\t\t<\/div>\n\t\t\t\t<\/div>\n\t\t\t\t\t<\/div>\n\t\t<\/div>\n\t\t\t\t\t<\/div>\n\t\t<\/section>\n\t\t<div class=\"elementor-element elementor-element-4319af1 e-flex e-con-boxed e-con e-parent\" data-id=\"4319af1\" data-element_type=\"container\">\n\t\t\t\t\t<div class=\"e-con-inner\">\n\t\t\t\t<div class=\"elementor-element elementor-element-6483733 elementor-invisible elementor-widget elementor-widget-shortcode\" data-id=\"6483733\" data-element_type=\"widget\" data-settings=\"{&quot;_animation&quot;:&quot;fadeIn&quot;,&quot;_animation_delay&quot;:500}\" data-widget_type=\"shortcode.default\">\n\t\t\t\t<div class=\"elementor-widget-container\">\n\t\t\t\t\t\t\t<div class=\"elementor-shortcode\"><div class=\"mec-wrap mec-skin-list-container  \" id=\"mec_skin_5025\">\r\n    \r\n    \r\n        <div class=\"mec-skin-list-events-container\" id=\"mec_skin_events_5025\">\r\n        Geen evenementen gevonden!    <\/div>\r\n        \r\n        \r\n<\/div><\/div>\n\t\t\t\t\t\t<\/div>\n\t\t\t\t<\/div>\n\t\t\t\t<div class=\"elementor-element elementor-element-f4f6483 elementor-widget elementor-widget-html\" data-id=\"f4f6483\" data-element_type=\"widget\" data-widget_type=\"html.default\">\n\t\t\t\t<div class=\"elementor-widget-container\">\n\t\t\t\t\t<script>document.addEventListener('DOMContentLoaded', function() {\n  \/\/ R\u00e9cup\u00e9rer la date actuelle\n  const dateActuelle = new Date();\n  \n  \/\/ S\u00e9lectionner tous les articles d'\u00e9v\u00e9nements\n  const evenements = document.querySelectorAll('.mec-event-article');\n  \n  evenements.forEach(function(evenement) {\n    \/\/ V\u00e9rifier le titre de l'\u00e9v\u00e9nement\n    const titre = evenement.querySelector('.mec-event-title a').textContent;\n    \n    \/\/ Si c'est l'\u00e9v\u00e9nement \"La Gen\u00e8se\", le masquer directement\n    if (titre.includes(\"La Gen\u00e8se\")) {\n      evenement.style.display = 'none';\n      \n      \/\/ V\u00e9rifier si c'est le seul \u00e9v\u00e9nement dans sa section de mois\n      const moisDivider = evenement.previousElementSibling;\n      if (moisDivider && moisDivider.classList.contains('mec-month-divider')) {\n        \/\/ V\u00e9rifier si le prochain \u00e9v\u00e9nement est dans un autre mois\n        const prochainElement = evenement.nextElementSibling;\n        if (!prochainElement || prochainElement.classList.contains('mec-month-divider')) {\n          moisDivider.style.display = 'none';\n        }\n      }\n      return;\n    }\n    \n    \/\/ Pour les autres \u00e9v\u00e9nements, v\u00e9rifier les dates comme avant\n    const dateTexte = evenement.querySelector('.mec-date-details .mec-event-d').textContent;\n    \n    \/\/ Extraire les dates de d\u00e9but et de fin\n    \/\/ Format typique: \"04 Oct - 16 Mar\" ou \"21 Mar - 26 Avr\"\n    const dateMatch = dateTexte.match(\/(\\d{2}\\s+\\w{3})(?:\\s+-\\s+(\\d{2}\\s+\\w{3}))?\/);\n    \n    if (dateMatch) {\n      const dateDebut = dateMatch[1].trim();\n      const dateFin = dateMatch[2] ? dateMatch[2].trim() : null;\n      \n      \/\/ D\u00e9terminer les ann\u00e9es (supposant que les \u00e9v\u00e9nements sont en 2024-2025)\n      const anneeActuelle = dateActuelle.getFullYear();\n      const moisActuel = dateActuelle.getMonth() + 1;\n      \n      let moisDebut = convertirMoisEnNumero(dateDebut.split(' ')[1]);\n      const jourDebut = parseInt(dateDebut.split(' ')[0]);\n      \n      \/\/ D\u00e9terminer l'ann\u00e9e de d\u00e9but en fonction du mois\n      \/\/ Si le mois est avant le mois actuel, c'est probablement l'ann\u00e9e prochaine\n      let anneeDebut = anneeActuelle;\n      if (moisDebut < moisActuel && moisActuel > 6) {\n        anneeDebut = anneeActuelle + 1;\n      }\n      \n      \/\/ Pour la date de fin\n      let moisFin, jourFin, anneeFin;\n      if (dateFin) {\n        moisFin = convertirMoisEnNumero(dateFin.split(' ')[1]);\n        jourFin = parseInt(dateFin.split(' ')[0]);\n        \n        \/\/ D\u00e9terminer l'ann\u00e9e de fin\n        anneeFin = anneeDebut;\n        \/\/ Si le mois de fin est avant le mois de d\u00e9but, c'est probablement l'ann\u00e9e suivante\n        if (moisFin < moisDebut) {\n          anneeFin = anneeDebut + 1;\n        }\n      }\n      \n      \/\/ Cr\u00e9er des objets Date pour comparaison\n      const dateDebutObj = new Date(anneeDebut, moisDebut - 1, jourDebut);\n      const dateFinObj = dateFin ? new Date(anneeFin, moisFin - 1, jourFin) : null;\n      \n      \/\/ Si l'\u00e9v\u00e9nement a commenc\u00e9 et n'est pas encore termin\u00e9, le masquer\n      if (dateDebutObj <= dateActuelle && (!dateFinObj || dateActuelle <= dateFinObj)) {\n        evenement.style.display = 'none';\n        \n        \/\/ V\u00e9rifier si c'est le seul \u00e9v\u00e9nement dans sa section de mois\n        const moisDivider = evenement.previousElementSibling;\n        if (moisDivider && moisDivider.classList.contains('mec-month-divider')) {\n          \/\/ V\u00e9rifier si le prochain \u00e9v\u00e9nement est dans un autre mois\n          const prochainElement = evenement.nextElementSibling;\n          if (!prochainElement || prochainElement.classList.contains('mec-month-divider')) {\n            moisDivider.style.display = 'none';\n          }\n        }\n      }\n    }\n  });\n  \n  \/\/ Fonction pour convertir les mois abr\u00e9g\u00e9s en num\u00e9ros\n  function convertirMoisEnNumero(moisAbrege) {\n    const mois = {\n      'Jan': 1, 'F\u00e9v': 2, 'Fev': 2, 'Mar': 3, 'Avr': 4, 'Mai': 5, 'Juin': 6, \n      'Jun': 6, 'Juil': 7, 'Jui': 7, 'Ao\u00fb': 8, 'Aou': 8, 'Sep': 9, 'Oct': 10, 'Nov': 11, 'D\u00e9c': 12, 'Dec': 12\n    };\n    return mois[moisAbrege] || 0;\n  }\n  \n  \/\/ V\u00e9rifier si des \u00e9v\u00e9nements sont encore visibles\n  let evenementsVisibles = false;\n  evenements.forEach(function(evenement) {\n    if (evenement.style.display !== 'none') {\n      evenementsVisibles = true;\n    }\n  });\n  \n  \/\/ Afficher un message si aucun \u00e9v\u00e9nement \u00e0 venir n'est visible\n  if (!evenementsVisibles) {\n    const noEvents = document.getElementById('mec_skin_no_events_5025');\n    if (noEvents) {\n      noEvents.classList.remove('mec-util-hidden');\n    }\n  }\n});\n<\/script>\t\t\t\t<\/div>\n\t\t\t\t<\/div>\n\t\t\t\t\t<\/div>\n\t\t\t\t<\/div>\n\t\t\t\t<\/div>\n\t\t","protected":false},"excerpt":{"rendered":"Binnenkort beschikbaar\n","protected":false},"author":4,"featured_media":0,"parent":0,"menu_order":0,"comment_status":"closed","ping_status":"closed","template":"","meta":{"footnotes":""},"class_list":["post-10698","page","type-page","status-publish"],"_links":{"self":[{"href":"https:\/\/space-collection.org\/nl\/wp-json\/wp\/v2\/pages\/10698","targetHints":{"allow":["GET"]}}],"collection":[{"href":"https:\/\/space-collection.org\/nl\/wp-json\/wp\/v2\/pages"}],"about":[{"href":"https:\/\/space-collection.org\/nl\/wp-json\/wp\/v2\/types\/page"}],"author":[{"embeddable":true,"href":"https:\/\/space-collection.org\/nl\/wp-json\/wp\/v2\/users\/4"}],"replies":[{"embeddable":true,"href":"https:\/\/space-collection.org\/nl\/wp-json\/wp\/v2\/comments?post=10698"}],"version-history":[{"count":1,"href":"https:\/\/space-collection.org\/nl\/wp-json\/wp\/v2\/pages\/10698\/revisions"}],"predecessor-version":[{"id":10701,"href":"https:\/\/space-collection.org\/nl\/wp-json\/wp\/v2\/pages\/10698\/revisions\/10701"}],"wp:attachment":[{"href":"https:\/\/space-collection.org\/nl\/wp-json\/wp\/v2\/media?parent=10698"}],"curies":[{"name":"wp","href":"https:\/\/api.w.org\/{rel}","templated":true}]}}