{"id":10775,"date":"2022-07-07T12:12:53","date_gmt":"2022-07-07T12:12:53","guid":{"rendered":"https:\/\/new.space-collection.org\/spac\/"},"modified":"2025-04-08T14:22:07","modified_gmt":"2025-04-08T14:22:07","slug":"spac","status":"publish","type":"page","link":"https:\/\/space-collection.org\/en\/spac\/","title":{"rendered":"SPAC"},"content":{"rendered":"<style>.elementor-10775 .elementor-element.elementor-element-0dc31ff{margin-top:-60px;margin-bottom:0px;padding:0px 0px 0px 0px;}.elementor-10775 .elementor-element.elementor-element-5c4a690 .elementor-heading-title{text-shadow:0px 0px 10px rgba(255, 255, 255, 0.3);}.elementor-10775 .elementor-element.elementor-element-be8146a .e-gallery-item:hover .elementor-gallery-item__overlay, .elementor-10775 .elementor-element.elementor-element-be8146a .e-gallery-item:focus .elementor-gallery-item__overlay{background-color:rgba(0,0,0,0.5);}.elementor-10775 .elementor-element.elementor-element-be8146a{--image-border-width:0px;--image-transition-duration:800ms;--overlay-transition-duration:800ms;--content-text-align:center;--content-padding:20px;--content-transition-duration:800ms;--content-transition-delay:800ms;}.elementor-10775 .elementor-element.elementor-element-a8c708b{--spacer-size:10px;}:root{--page-title-display:none;}@media(min-width:768px){.elementor-10775 .elementor-element.elementor-element-3b7cb90{width:58.86%;}.elementor-10775 .elementor-element.elementor-element-8e21f4f{width:40.878%;}}<\/style>\t\t<div data-elementor-type=\"wp-page\" data-elementor-id=\"10775\" class=\"elementor elementor-10775 elementor-2517\" data-elementor-post-type=\"page\">\n\t\t\t\t\t\t<section class=\"elementor-section elementor-top-section elementor-element elementor-element-0dc31ff elementor-section-boxed elementor-section-height-default elementor-section-height-default\" data-id=\"0dc31ff\" data-element_type=\"section\">\n\t\t\t\t\t\t<div class=\"elementor-container elementor-column-gap-default\">\n\t\t\t\t\t<div class=\"elementor-column elementor-col-50 elementor-top-column elementor-element elementor-element-3b7cb90\" data-id=\"3b7cb90\" data-element_type=\"column\">\n\t\t\t<div class=\"elementor-widget-wrap elementor-element-populated\">\n\t\t\t\t\t\t<div class=\"elementor-element elementor-element-5c4a690 elementor-widget elementor-widget-heading\" data-id=\"5c4a690\" data-element_type=\"widget\" data-widget_type=\"heading.default\">\n\t\t\t\t<div class=\"elementor-widget-container\">\n\t\t\t\t\t<h2 id=\"sculpture-publique-daide-culturelle\" class=\"elementor-heading-title elementor-size-default\">Sculpture Publique d'Aide Culturelle  <\/h2>\t\t\t\t<\/div>\n\t\t\t\t<\/div>\n\t\t\t\t\t<\/div>\n\t\t<\/div>\n\t\t\t\t<div class=\"elementor-column elementor-col-50 elementor-top-column elementor-element elementor-element-8e21f4f\" data-id=\"8e21f4f\" data-element_type=\"column\">\n\t\t\t<div class=\"elementor-widget-wrap\">\n\t\t\t\t\t\t\t<\/div>\n\t\t<\/div>\n\t\t\t\t\t<\/div>\n\t\t<\/section>\n\t\t\t\t<section class=\"elementor-section elementor-top-section elementor-element elementor-element-3626c92 elementor-section-boxed elementor-section-height-default elementor-section-height-default\" data-id=\"3626c92\" data-element_type=\"section\">\n\t\t\t\t\t\t<div class=\"elementor-container elementor-column-gap-default\">\n\t\t\t\t\t<div class=\"elementor-column elementor-col-100 elementor-top-column elementor-element elementor-element-340539f\" data-id=\"340539f\" data-element_type=\"column\">\n\t\t\t<div class=\"elementor-widget-wrap elementor-element-populated\">\n\t\t\t\t\t\t<section class=\"elementor-section elementor-inner-section elementor-element elementor-element-6b342ba elementor-section-boxed elementor-section-height-default elementor-section-height-default\" data-id=\"6b342ba\" data-element_type=\"section\">\n\t\t\t\t\t\t<div class=\"elementor-container elementor-column-gap-default\">\n\t\t\t\t\t<div class=\"elementor-column elementor-col-100 elementor-inner-column elementor-element elementor-element-c149c02\" data-id=\"c149c02\" data-element_type=\"column\">\n\t\t\t<div class=\"elementor-widget-wrap elementor-element-populated\">\n\t\t\t\t\t\t<div class=\"elementor-element elementor-element-8db1c0b elementor-widget elementor-widget-text-editor\" data-id=\"8db1c0b\" data-element_type=\"widget\" data-widget_type=\"text-editor.default\">\n\t\t\t\t<div class=\"elementor-widget-container\">\n\t\t\t\t\t\t\t\t\t<p style=\"text-align: left;\" align=\"JUSTIFY\"><strong>SPAC: public art and contemporary art collection<\/strong><\/p><p><em>SPAC<\/em><strong>(Sculpture<\/strong> <strong>Publique<\/strong><strong>d\u2032Aide<\/strong> <strong>Culturelle<\/strong>) is a sculpture made up of two parts: a bent iron tube and a white parking meter given a makeover by various artists. The use of this device is hijacked since it is no longer a question of paying for car parking, but rather of collecting funds to aid culture. The principle, which has been inactive since August 2021 due to the streetcar works, is as follows: when a spectator-actor inserts change into the parking meter, not only does he light and can contemplate a flame at the top of the metal arch, but he also participates in the constitution of a fund destined to acquire the works that make up the SPACE Collection. Works from the collection are currently on display and\/or on loan in Li\u00e8ge (at BAL, Mus\u00e9e des Beaux-Arts de la Ville de Li\u00e8ge, and in the offices of SPACE and SMartBe asbl) and Maastricht (Provinciehuis).   <\/p><p align=\"JUSTIFY\">Since its installation in 2002 in F\u00e9ronstr\u00e9e, the SPAC flame has symbolized and recalled the citizens\u2032 attachment to culture. The collection it is gradually building up is enriched annually by new acquisitions and now numbers 140 pieces. Blending genres, media, working techniques and artists of varying renown guarantees the SPACE Collection a growing aura and influence.  <\/p>\t\t\t\t\t\t\t\t<\/div>\n\t\t\t\t<\/div>\n\t\t\t\t\t<\/div>\n\t\t<\/div>\n\t\t\t\t\t<\/div>\n\t\t<\/section>\n\t\t\t\t\t<\/div>\n\t\t<\/div>\n\t\t\t\t\t<\/div>\n\t\t<\/section>\n\t\t\t\t<section class=\"elementor-section elementor-top-section elementor-element elementor-element-be096c4 elementor-section-boxed elementor-section-height-default elementor-section-height-default\" data-id=\"be096c4\" data-element_type=\"section\">\n\t\t\t\t\t\t<div class=\"elementor-container elementor-column-gap-default\">\n\t\t\t\t\t<div class=\"elementor-column elementor-col-100 elementor-top-column elementor-element elementor-element-b0d8652\" data-id=\"b0d8652\" data-element_type=\"column\">\n\t\t\t<div class=\"elementor-widget-wrap elementor-element-populated\">\n\t\t\t\t\t\t<div class=\"elementor-element elementor-element-be8146a elementor-widget elementor-widget-gallery\" data-id=\"be8146a\" data-element_type=\"widget\" data-settings=\"{&quot;gap&quot;:{&quot;unit&quot;:&quot;px&quot;,&quot;size&quot;:14,&quot;sizes&quot;:[]},&quot;gallery_layout&quot;:&quot;justified&quot;,&quot;ideal_row_height&quot;:{&quot;unit&quot;:&quot;px&quot;,&quot;size&quot;:217,&quot;sizes&quot;:[]},&quot;overlay_title&quot;:&quot;title&quot;,&quot;overlay_description&quot;:&quot;caption&quot;,&quot;lazyload&quot;:&quot;yes&quot;,&quot;ideal_row_height_tablet&quot;:{&quot;unit&quot;:&quot;px&quot;,&quot;size&quot;:150,&quot;sizes&quot;:[]},&quot;ideal_row_height_mobile&quot;:{&quot;unit&quot;:&quot;px&quot;,&quot;size&quot;:150,&quot;sizes&quot;:[]},&quot;gap_tablet&quot;:{&quot;unit&quot;:&quot;px&quot;,&quot;size&quot;:10,&quot;sizes&quot;:[]},&quot;gap_mobile&quot;:{&quot;unit&quot;:&quot;px&quot;,&quot;size&quot;:10,&quot;sizes&quot;:[]},&quot;link_to&quot;:&quot;file&quot;,&quot;overlay_background&quot;:&quot;yes&quot;,&quot;content_hover_animation&quot;:&quot;fade-in&quot;}\" data-widget_type=\"gallery.default\">\n\t\t\t\t<div class=\"elementor-widget-container\">\n\t\t\t\t\t\t\t<div class=\"elementor-gallery__container\">\n\t\t\t\t\t\t\t<a class=\"e-gallery-item elementor-gallery-item elementor-animated-content\" href=\"https:\/\/space-collection.org\/wp-content\/uploads\/2022\/10\/276121172_4812294388826019_8145859391944119327_n.jpg\" data-elementor-open-lightbox=\"yes\" data-elementor-lightbox-slideshow=\"be8146a\" data-elementor-lightbox-title=\"Alain De Clerck, 2006\" data-e-action-hash=\"#elementor-action%3Aaction%3Dlightbox%26settings%3DeyJpZCI6NDYzMiwidXJsIjoiaHR0cHM6XC9cL3NwYWNlLWNvbGxlY3Rpb24ub3JnXC93cC1jb250ZW50XC91cGxvYWRzXC8yMDIyXC8xMFwvMjc2MTIxMTcyXzQ4MTIyOTQzODg4MjYwMTlfODE0NTg1OTM5MTk0NDExOTMyN19uLmpwZyIsInNsaWRlc2hvdyI6ImJlODE0NmEifQ%3D%3D\">\n\t\t\t\t\t<div class=\"e-gallery-image elementor-gallery-item__image\" data-thumbnail=\"https:\/\/space-collection.org\/wp-content\/uploads\/2022\/10\/276121172_4812294388826019_8145859391944119327_n-300x400.jpg\" data-width=\"300\" data-height=\"400\" aria-label=\"\" role=\"img\" ><\/div>\n\t\t\t\t\t\t\t\t\t\t\t<div class=\"elementor-gallery-item__overlay\"><\/div>\n\t\t\t\t\t\t\t\t\t\t\t\t\t\t\t<div class=\"elementor-gallery-item__content\">\n\t\t\t\t\t\t\t\t\t\t\t\t\t\t<div class=\"elementor-gallery-item__title\">\n\t\t\t\t\t\t\t\t\t\t\t\t\t\t\t\t\t\tAlain De Clerck, 2006\t\t\t\t\t\t\t\t<\/div>\n\t\t\t\t\t\t\t\t\t\t\t\t<\/div>\n\t\t\t\t\t\t\t\t\t<\/a>\n\t\t\t\t\t\t\t<a class=\"e-gallery-item elementor-gallery-item elementor-animated-content\" href=\"https:\/\/space-collection.org\/wp-content\/uploads\/2022\/10\/276117885_4812294772159314_3437038489949594473_n.jpg\" data-elementor-open-lightbox=\"yes\" data-elementor-lightbox-slideshow=\"be8146a\" data-elementor-lightbox-title=\"Nicolas Kozakis, 2010\" data-e-action-hash=\"#elementor-action%3Aaction%3Dlightbox%26settings%3DeyJpZCI6NDYzMSwidXJsIjoiaHR0cHM6XC9cL3NwYWNlLWNvbGxlY3Rpb24ub3JnXC93cC1jb250ZW50XC91cGxvYWRzXC8yMDIyXC8xMFwvMjc2MTE3ODg1XzQ4MTIyOTQ3NzIxNTkzMTRfMzQzNzAzODQ4OTk0OTU5NDQ3M19uLmpwZyIsInNsaWRlc2hvdyI6ImJlODE0NmEifQ%3D%3D\">\n\t\t\t\t\t<div class=\"e-gallery-image elementor-gallery-item__image\" data-thumbnail=\"https:\/\/space-collection.org\/wp-content\/uploads\/2022\/10\/276117885_4812294772159314_3437038489949594473_n-300x400.jpg\" data-width=\"300\" data-height=\"400\" aria-label=\"\" role=\"img\" ><\/div>\n\t\t\t\t\t\t\t\t\t\t\t<div class=\"elementor-gallery-item__overlay\"><\/div>\n\t\t\t\t\t\t\t\t\t\t\t\t\t\t\t<div class=\"elementor-gallery-item__content\">\n\t\t\t\t\t\t\t\t\t\t\t\t\t\t<div class=\"elementor-gallery-item__title\">\n\t\t\t\t\t\t\t\t\t\t\t\t\t\t\t\t\t\tNicolas Kozakis, 2010\t\t\t\t\t\t\t\t<\/div>\n\t\t\t\t\t\t\t\t\t\t\t\t<\/div>\n\t\t\t\t\t\t\t\t\t<\/a>\n\t\t\t\t\t\t\t<a class=\"e-gallery-item elementor-gallery-item elementor-animated-content\" href=\"https:\/\/space-collection.org\/wp-content\/uploads\/2022\/10\/276112004_4812295035492621_4534313975977815595_n.jpg\" data-elementor-open-lightbox=\"yes\" data-elementor-lightbox-slideshow=\"be8146a\" data-elementor-lightbox-title=\"Micha\u00ebl Nicola\u00ef, 2012\" data-e-action-hash=\"#elementor-action%3Aaction%3Dlightbox%26settings%3DeyJpZCI6NDYzMCwidXJsIjoiaHR0cHM6XC9cL3NwYWNlLWNvbGxlY3Rpb24ub3JnXC93cC1jb250ZW50XC91cGxvYWRzXC8yMDIyXC8xMFwvMjc2MTEyMDA0XzQ4MTIyOTUwMzU0OTI2MjFfNDUzNDMxMzk3NTk3NzgxNTU5NV9uLmpwZyIsInNsaWRlc2hvdyI6ImJlODE0NmEifQ%3D%3D\">\n\t\t\t\t\t<div class=\"e-gallery-image elementor-gallery-item__image\" data-thumbnail=\"https:\/\/space-collection.org\/wp-content\/uploads\/2022\/10\/276112004_4812295035492621_4534313975977815595_n-300x400.jpg\" data-width=\"300\" data-height=\"400\" aria-label=\"\" role=\"img\" ><\/div>\n\t\t\t\t\t\t\t\t\t\t\t<div class=\"elementor-gallery-item__overlay\"><\/div>\n\t\t\t\t\t\t\t\t\t\t\t\t\t\t\t<div class=\"elementor-gallery-item__content\">\n\t\t\t\t\t\t\t\t\t\t\t\t\t\t<div class=\"elementor-gallery-item__title\">\n\t\t\t\t\t\t\t\t\t\t\t\t\t\t\t\t\t\tMicha\u00ebl Nicola\u00ef, 2012\t\t\t\t\t\t\t\t<\/div>\n\t\t\t\t\t\t\t\t\t\t\t\t<\/div>\n\t\t\t\t\t\t\t\t\t<\/a>\n\t\t\t\t\t\t\t<a class=\"e-gallery-item elementor-gallery-item elementor-animated-content\" href=\"https:\/\/space-collection.org\/wp-content\/uploads\/2022\/10\/276061312_4812295278825930_4629629353498867900_n.jpg\" data-elementor-open-lightbox=\"yes\" data-elementor-lightbox-slideshow=\"be8146a\" data-elementor-lightbox-title=\"Jacques Liz\u00e8ne, 2014\" data-e-action-hash=\"#elementor-action%3Aaction%3Dlightbox%26settings%3DeyJpZCI6NDYyOCwidXJsIjoiaHR0cHM6XC9cL3NwYWNlLWNvbGxlY3Rpb24ub3JnXC93cC1jb250ZW50XC91cGxvYWRzXC8yMDIyXC8xMFwvMjc2MDYxMzEyXzQ4MTIyOTUyNzg4MjU5MzBfNDYyOTYyOTM1MzQ5ODg2NzkwMF9uLmpwZyIsInNsaWRlc2hvdyI6ImJlODE0NmEifQ%3D%3D\">\n\t\t\t\t\t<div class=\"e-gallery-image elementor-gallery-item__image\" data-thumbnail=\"https:\/\/space-collection.org\/wp-content\/uploads\/2022\/10\/276061312_4812295278825930_4629629353498867900_n-300x400.jpg\" data-width=\"300\" data-height=\"400\" aria-label=\"\" role=\"img\" ><\/div>\n\t\t\t\t\t\t\t\t\t\t\t<div class=\"elementor-gallery-item__overlay\"><\/div>\n\t\t\t\t\t\t\t\t\t\t\t\t\t\t\t<div class=\"elementor-gallery-item__content\">\n\t\t\t\t\t\t\t\t\t\t\t\t\t\t<div class=\"elementor-gallery-item__title\">\n\t\t\t\t\t\t\t\t\t\t\t\t\t\t\t\t\t\tJacques Liz\u00e8ne, 2014\t\t\t\t\t\t\t\t<\/div>\n\t\t\t\t\t\t\t\t\t\t\t\t<\/div>\n\t\t\t\t\t\t\t\t\t<\/a>\n\t\t\t\t\t\t\t<a class=\"e-gallery-item elementor-gallery-item elementor-animated-content\" href=\"https:\/\/space-collection.org\/wp-content\/uploads\/2022\/10\/DSC_0024-scaled.jpg\" data-elementor-open-lightbox=\"yes\" data-elementor-lightbox-slideshow=\"be8146a\" data-elementor-lightbox-title=\"Mon Colonel &amp; Spit, 2018\" data-e-action-hash=\"#elementor-action%3Aaction%3Dlightbox%26settings%3DeyJpZCI6NDYwOCwidXJsIjoiaHR0cHM6XC9cL3NwYWNlLWNvbGxlY3Rpb24ub3JnXC93cC1jb250ZW50XC91cGxvYWRzXC8yMDIyXC8xMFwvRFNDXzAwMjQtc2NhbGVkLmpwZyIsInNsaWRlc2hvdyI6ImJlODE0NmEifQ%3D%3D\">\n\t\t\t\t\t<div class=\"e-gallery-image elementor-gallery-item__image\" data-thumbnail=\"https:\/\/space-collection.org\/wp-content\/uploads\/2022\/10\/DSC_0024-300x400.jpg\" data-width=\"300\" data-height=\"400\" aria-label=\"\" role=\"img\" ><\/div>\n\t\t\t\t\t\t\t\t\t\t\t<div class=\"elementor-gallery-item__overlay\"><\/div>\n\t\t\t\t\t\t\t\t\t\t\t\t\t\t\t<div class=\"elementor-gallery-item__content\">\n\t\t\t\t\t\t\t\t\t\t\t\t\t\t<div class=\"elementor-gallery-item__title\">\n\t\t\t\t\t\t\t\t\t\t\t\t\t\t\t\t\t\tMon Colonel & Spit, 2018\t\t\t\t\t\t\t\t<\/div>\n\t\t\t\t\t\t\t\t\t\t\t\t<\/div>\n\t\t\t\t\t\t\t\t\t<\/a>\n\t\t\t\t\t<\/div>\n\t\t\t\t\t<\/div>\n\t\t\t\t<\/div>\n\t\t\t\t<div class=\"elementor-element elementor-element-a8c708b elementor-widget elementor-widget-spacer\" data-id=\"a8c708b\" data-element_type=\"widget\" data-widget_type=\"spacer.default\">\n\t\t\t\t<div class=\"elementor-widget-container\">\n\t\t\t\t\t\t\t<div class=\"elementor-spacer\">\n\t\t\t<div class=\"elementor-spacer-inner\"><\/div>\n\t\t<\/div>\n\t\t\t\t\t\t<\/div>\n\t\t\t\t<\/div>\n\t\t\t\t\t<\/div>\n\t\t<\/div>\n\t\t\t\t\t<\/div>\n\t\t<\/section>\n\t\t\t\t<section class=\"elementor-section elementor-top-section elementor-element elementor-element-b0f6bd4 elementor-section-boxed elementor-section-height-default elementor-section-height-default\" data-id=\"b0f6bd4\" data-element_type=\"section\">\n\t\t\t\t\t\t<div class=\"elementor-container elementor-column-gap-default\">\n\t\t\t\t\t<div class=\"elementor-column elementor-col-100 elementor-top-column elementor-element elementor-element-1cd6816\" data-id=\"1cd6816\" data-element_type=\"column\">\n\t\t\t<div class=\"elementor-widget-wrap elementor-element-populated\">\n\t\t\t\t\t\t<div class=\"elementor-element elementor-element-68100d1 elementor-widget elementor-widget-image\" data-id=\"68100d1\" data-element_type=\"widget\" data-widget_type=\"image.default\">\n\t\t\t\t<div class=\"elementor-widget-container\">\n\t\t\t\t\t\t\t\t\t\t\t\t\t\t\t<img fetchpriority=\"high\" decoding=\"async\" width=\"1280\" height=\"841\" src=\"https:\/\/space-collection.org\/wp-content\/uploads\/2022\/11\/13_0904_Lg_Euroculture\u00a9-Michele-Chianese_light-copie-jpeg.webp\" class=\"attachment-1536x1536 size-1536x1536 wp-image-9640\" alt=\"\" srcset=\"https:\/\/space-collection.org\/wp-content\/uploads\/2022\/11\/13_0904_Lg_Euroculture\u00a9-Michele-Chianese_light-copie-jpeg.webp 1280w, https:\/\/space-collection.org\/wp-content\/uploads\/2022\/11\/13_0904_Lg_Euroculture\u00a9-Michele-Chianese_light-copie-300x197.webp 300w, https:\/\/space-collection.org\/wp-content\/uploads\/2022\/11\/13_0904_Lg_Euroculture\u00a9-Michele-Chianese_light-copie-1024x673.webp 1024w, https:\/\/space-collection.org\/wp-content\/uploads\/2022\/11\/13_0904_Lg_Euroculture\u00a9-Michele-Chianese_light-copie-768x505.webp 768w, https:\/\/space-collection.org\/wp-content\/uploads\/2022\/11\/13_0904_Lg_Euroculture\u00a9-Michele-Chianese_light-copie-110x72.webp 110w, https:\/\/space-collection.org\/wp-content\/uploads\/2022\/11\/13_0904_Lg_Euroculture\u00a9-Michele-Chianese_light-copie-200x131.webp 200w, https:\/\/space-collection.org\/wp-content\/uploads\/2022\/11\/13_0904_Lg_Euroculture\u00a9-Michele-Chianese_light-copie-380x250.webp 380w, https:\/\/space-collection.org\/wp-content\/uploads\/2022\/11\/13_0904_Lg_Euroculture\u00a9-Michele-Chianese_light-copie-255x168.webp 255w, https:\/\/space-collection.org\/wp-content\/uploads\/2022\/11\/13_0904_Lg_Euroculture\u00a9-Michele-Chianese_light-copie-550x361.webp 550w, https:\/\/space-collection.org\/wp-content\/uploads\/2022\/11\/13_0904_Lg_Euroculture\u00a9-Michele-Chianese_light-copie-800x526.webp 800w, https:\/\/space-collection.org\/wp-content\/uploads\/2022\/11\/13_0904_Lg_Euroculture\u00a9-Michele-Chianese_light-copie-1160x762.webp 1160w\" sizes=\"(max-width: 1280px) 100vw, 1280px\" \/>\t\t\t\t\t\t\t\t\t\t\t\t\t\t\t<\/div>\n\t\t\t\t<\/div>\n\t\t\t\t\t<\/div>\n\t\t<\/div>\n\t\t\t\t\t<\/div>\n\t\t<\/section>\n\t\t\t\t<section class=\"elementor-section elementor-top-section elementor-element elementor-element-4944e5e elementor-section-boxed elementor-section-height-default elementor-section-height-default\" data-id=\"4944e5e\" data-element_type=\"section\">\n\t\t\t\t\t\t<div class=\"elementor-container elementor-column-gap-default\">\n\t\t\t\t\t<div class=\"elementor-column elementor-col-100 elementor-top-column elementor-element elementor-element-c81b153\" data-id=\"c81b153\" data-element_type=\"column\">\n\t\t\t<div class=\"elementor-widget-wrap elementor-element-populated\">\n\t\t\t\t\t\t<div class=\"elementor-element elementor-element-e7bb4a4 elementor-widget elementor-widget-image\" data-id=\"e7bb4a4\" data-element_type=\"widget\" data-widget_type=\"image.default\">\n\t\t\t\t<div class=\"elementor-widget-container\">\n\t\t\t\t\t\t\t\t\t\t\t\t\t\t\t<img decoding=\"async\" width=\"1024\" height=\"723\" src=\"https:\/\/space-collection.org\/wp-content\/uploads\/2023\/07\/spac-1024x723.webp\" class=\"attachment-large size-large wp-image-10198\" alt=\"\" srcset=\"https:\/\/space-collection.org\/wp-content\/uploads\/2023\/07\/spac-1024x723.webp 1024w, https:\/\/space-collection.org\/wp-content\/uploads\/2023\/07\/spac-300x212.webp 300w, https:\/\/space-collection.org\/wp-content\/uploads\/2023\/07\/spac-768x542.webp 768w, https:\/\/space-collection.org\/wp-content\/uploads\/2023\/07\/spac-110x78.webp 110w, https:\/\/space-collection.org\/wp-content\/uploads\/2023\/07\/spac-200x141.webp 200w, https:\/\/space-collection.org\/wp-content\/uploads\/2023\/07\/spac-380x268.webp 380w, https:\/\/space-collection.org\/wp-content\/uploads\/2023\/07\/spac-255x180.webp 255w, https:\/\/space-collection.org\/wp-content\/uploads\/2023\/07\/spac-550x388.webp 550w, https:\/\/space-collection.org\/wp-content\/uploads\/2023\/07\/spac-800x565.webp 800w, https:\/\/space-collection.org\/wp-content\/uploads\/2023\/07\/spac-1160x819.webp 1160w, https:\/\/space-collection.org\/wp-content\/uploads\/2023\/07\/spac-jpg.webp 1200w\" sizes=\"(max-width: 1024px) 100vw, 1024px\" \/>\t\t\t\t\t\t\t\t\t\t\t\t\t\t\t<\/div>\n\t\t\t\t<\/div>\n\t\t\t\t\t<\/div>\n\t\t<\/div>\n\t\t\t\t\t<\/div>\n\t\t<\/section>\n\t\t\t\t<\/div>\n\t\t","protected":false},"excerpt":{"rendered":"Sculpture Publique d&#8217;Aide Culturelle SPAC: public art and contemporary art collection SPAC(Sculpture Publiqued\u2032Aide Culturelle) is a sculpture made&hellip;\n","protected":false},"author":1,"featured_media":0,"parent":0,"menu_order":0,"comment_status":"closed","ping_status":"closed","template":"","meta":{"footnotes":""},"class_list":["post-10775","page","type-page","status-publish"],"_links":{"self":[{"href":"https:\/\/space-collection.org\/en\/wp-json\/wp\/v2\/pages\/10775","targetHints":{"allow":["GET"]}}],"collection":[{"href":"https:\/\/space-collection.org\/en\/wp-json\/wp\/v2\/pages"}],"about":[{"href":"https:\/\/space-collection.org\/en\/wp-json\/wp\/v2\/types\/page"}],"author":[{"embeddable":true,"href":"https:\/\/space-collection.org\/en\/wp-json\/wp\/v2\/users\/1"}],"replies":[{"embeddable":true,"href":"https:\/\/space-collection.org\/en\/wp-json\/wp\/v2\/comments?post=10775"}],"version-history":[{"count":2,"href":"https:\/\/space-collection.org\/en\/wp-json\/wp\/v2\/pages\/10775\/revisions"}],"predecessor-version":[{"id":10779,"href":"https:\/\/space-collection.org\/en\/wp-json\/wp\/v2\/pages\/10775\/revisions\/10779"}],"wp:attachment":[{"href":"https:\/\/space-collection.org\/en\/wp-json\/wp\/v2\/media?parent=10775"}],"curies":[{"name":"wp","href":"https:\/\/api.w.org\/{rel}","templated":true}]}}