{"id":10728,"date":"2022-07-07T12:14:18","date_gmt":"2022-07-07T12:14:18","guid":{"rendered":"https:\/\/new.space-collection.org\/terms-of-use\/"},"modified":"2025-04-08T14:21:59","modified_gmt":"2025-04-08T14:21:59","slug":"terms-of-use","status":"publish","type":"page","link":"https:\/\/space-collection.org\/en\/terms-of-use\/","title":{"rendered":"Terms of use"},"content":{"rendered":"<style><\/style>\t\t<div data-elementor-type=\"wp-page\" data-elementor-id=\"10728\" class=\"elementor elementor-10728 elementor-2527\" data-elementor-post-type=\"page\">\n\t\t\t\t\t\t<section class=\"elementor-section elementor-top-section elementor-element elementor-element-4de07b2 elementor-section-boxed elementor-section-height-default elementor-section-height-default\" data-id=\"4de07b2\" data-element_type=\"section\">\n\t\t\t\t\t\t<div class=\"elementor-container elementor-column-gap-default\">\n\t\t\t\t\t<div class=\"elementor-column elementor-col-100 elementor-top-column elementor-element elementor-element-1e0182e\" data-id=\"1e0182e\" data-element_type=\"column\">\n\t\t\t<div class=\"elementor-widget-wrap elementor-element-populated\">\n\t\t\t\t\t\t<div class=\"elementor-element elementor-element-e3c24fa elementor-widget elementor-widget-text-editor\" data-id=\"e3c24fa\" data-element_type=\"widget\" data-widget_type=\"text-editor.default\">\n\t\t\t\t<div class=\"elementor-widget-container\">\n\t\t\t\t\t\t\t\t\t<p>In Cite Mondi (ASBL)<\/p><p class=\"p1\">Company no.: 0864-153-204<\/p><p>Registered office: En F\u00e9ronstr\u00e9e 116 4000 Li\u00e8ge<\/p><p>info@space-collection.org<\/p>\t\t\t\t\t\t\t\t<\/div>\n\t\t\t\t<\/div>\n\t\t\t\t\t<\/div>\n\t\t<\/div>\n\t\t\t\t\t<\/div>\n\t\t<\/section>\n\t\t\t\t<\/div>\n\t\t","protected":false},"excerpt":{"rendered":"In Cite Mondi (ASBL) Company no.: 0864-153-204 Registered office: En F\u00e9ronstr\u00e9e 116 4000 Li\u00e8ge info@space-collection.org\n","protected":false},"author":1,"featured_media":0,"parent":0,"menu_order":0,"comment_status":"closed","ping_status":"closed","template":"","meta":{"footnotes":""},"class_list":["post-10728","page","type-page","status-publish"],"_links":{"self":[{"href":"https:\/\/space-collection.org\/en\/wp-json\/wp\/v2\/pages\/10728","targetHints":{"allow":["GET"]}}],"collection":[{"href":"https:\/\/space-collection.org\/en\/wp-json\/wp\/v2\/pages"}],"about":[{"href":"https:\/\/space-collection.org\/en\/wp-json\/wp\/v2\/types\/page"}],"author":[{"embeddable":true,"href":"https:\/\/space-collection.org\/en\/wp-json\/wp\/v2\/users\/1"}],"replies":[{"embeddable":true,"href":"https:\/\/space-collection.org\/en\/wp-json\/wp\/v2\/comments?post=10728"}],"version-history":[{"count":1,"href":"https:\/\/space-collection.org\/en\/wp-json\/wp\/v2\/pages\/10728\/revisions"}],"predecessor-version":[{"id":10729,"href":"https:\/\/space-collection.org\/en\/wp-json\/wp\/v2\/pages\/10728\/revisions\/10729"}],"wp:attachment":[{"href":"https:\/\/space-collection.org\/en\/wp-json\/wp\/v2\/media?parent=10728"}],"curies":[{"name":"wp","href":"https:\/\/api.w.org\/{rel}","templated":true}]}}